{"id":8651,"date":"2022-04-11T13:41:34","date_gmt":"2022-04-11T13:41:34","guid":{"rendered":"https:\/\/pe-line.hr\/?post_type=product&#038;p=8651"},"modified":"2022-06-07T12:34:32","modified_gmt":"2022-06-07T12:34:32","slug":"wc-skoljka-dynamic","status":"publish","type":"product","link":"https:\/\/pe-line.hr\/si\/product\/wc-skoljka-dynamic\/","title":{"rendered":"WC \u0161koljka Dynamic"},"content":{"rendered":"","protected":false},"excerpt":{"rendered":"<p>WC \u0161koljka Dynamic<br \/>\nVise\u0107a rimless<br \/>\nSa softclose daskom<\/p>","protected":false},"featured_media":8652,"template":"","meta":[],"product_brand":[],"product_cat":[77,228,84],"product_tag":[],"class_list":{"0":"post-8651","1":"product","2":"type-product","3":"status-publish","4":"has-post-thumbnail","6":"product_cat-sanitarije","7":"product_cat-sanitarna-keramika","8":"product_cat-wc-skoljke","10":"first","11":"instock","12":"shipping-taxable","13":"product-type-simple"},"yoast_head":"<!-- This site is optimized with the Yoast SEO plugin v21.2 - https:\/\/yoast.com\/wordpress\/plugins\/seo\/ -->\n<title>WC \u0161koljka Dynamic - Pe-Line<\/title>\n<meta name=\"robots\" content=\"index, follow, max-snippet:-1, max-image-preview:large, max-video-preview:-1\" \/>\n<link rel=\"canonical\" href=\"https:\/\/pe-line.hr\/si\/product\/wc-skoljka-dynamic\/\" \/>\n<meta property=\"og:locale\" content=\"sl_SI\" \/>\n<meta property=\"og:type\" content=\"article\" \/>\n<meta property=\"og:title\" content=\"WC \u0161koljka Dynamic - Pe-Line\" \/>\n<meta property=\"og:description\" content=\"WC \u0161koljka Dynamic Vise\u0107a rimless Sa softclose daskom\" \/>\n<meta property=\"og:url\" content=\"https:\/\/pe-line.hr\/si\/product\/wc-skoljka-dynamic\/\" \/>\n<meta property=\"og:site_name\" content=\"Pe-Line\" \/>\n<meta property=\"article:modified_time\" content=\"2022-06-07T12:34:32+00:00\" \/>\n<meta property=\"og:image\" content=\"https:\/\/pe-line.hr\/wp-content\/uploads\/2022\/04\/skoljka-dynamic.jpg\" \/>\n\t<meta property=\"og:image:width\" content=\"1000\" \/>\n\t<meta property=\"og:image:height\" content=\"1000\" \/>\n\t<meta property=\"og:image:type\" content=\"image\/jpeg\" \/>\n<meta name=\"twitter:card\" content=\"summary_large_image\" \/>\n<script type=\"application\/ld+json\" class=\"yoast-schema-graph\">{\"@context\":\"https:\/\/schema.org\",\"@graph\":[{\"@type\":\"WebPage\",\"@id\":\"https:\/\/pe-line.hr\/product\/wc-skoljka-dynamic\/\",\"url\":\"https:\/\/pe-line.hr\/product\/wc-skoljka-dynamic\/\",\"name\":\"WC \u0161koljka Dynamic - Pe-Line\",\"isPartOf\":{\"@id\":\"https:\/\/pe-line.hr\/#website\"},\"datePublished\":\"2022-04-11T13:41:34+00:00\",\"dateModified\":\"2022-06-07T12:34:32+00:00\",\"breadcrumb\":{\"@id\":\"https:\/\/pe-line.hr\/product\/wc-skoljka-dynamic\/#breadcrumb\"},\"inLanguage\":\"sl-SI\",\"potentialAction\":[{\"@type\":\"ReadAction\",\"target\":[\"https:\/\/pe-line.hr\/product\/wc-skoljka-dynamic\/\"]}]},{\"@type\":\"BreadcrumbList\",\"@id\":\"https:\/\/pe-line.hr\/product\/wc-skoljka-dynamic\/#breadcrumb\",\"itemListElement\":[{\"@type\":\"ListItem\",\"position\":1,\"name\":\"Home\",\"item\":\"https:\/\/pe-line.hr\/\"},{\"@type\":\"ListItem\",\"position\":2,\"name\":\"Kolekcija\",\"item\":\"https:\/\/pe-line.hr\/kolekcija\/\"},{\"@type\":\"ListItem\",\"position\":3,\"name\":\"WC \u0161koljka Dynamic\"}]},{\"@type\":\"WebSite\",\"@id\":\"https:\/\/pe-line.hr\/#website\",\"url\":\"https:\/\/pe-line.hr\/\",\"name\":\"Pe-Line\",\"description\":\"Grijanje, hla\u0111enje i sanitarije\",\"potentialAction\":[{\"@type\":\"SearchAction\",\"target\":{\"@type\":\"EntryPoint\",\"urlTemplate\":\"https:\/\/pe-line.hr\/?s={search_term_string}\"},\"query-input\":\"required name=search_term_string\"}],\"inLanguage\":\"sl-SI\"}]}<\/script>\n<!-- \/ Yoast SEO plugin. -->","yoast_head_json":{"title":"WC \u0161koljka Dynamic - Pe-Line","robots":{"index":"index","follow":"follow","max-snippet":"max-snippet:-1","max-image-preview":"max-image-preview:large","max-video-preview":"max-video-preview:-1"},"canonical":"https:\/\/pe-line.hr\/si\/product\/wc-skoljka-dynamic\/","og_locale":"sl_SI","og_type":"article","og_title":"WC \u0161koljka Dynamic - Pe-Line","og_description":"WC \u0161koljka Dynamic Vise\u0107a rimless Sa softclose daskom","og_url":"https:\/\/pe-line.hr\/si\/product\/wc-skoljka-dynamic\/","og_site_name":"Pe-Line","article_modified_time":"2022-06-07T12:34:32+00:00","og_image":[{"width":1000,"height":1000,"url":"https:\/\/pe-line.hr\/wp-content\/uploads\/2022\/04\/skoljka-dynamic.jpg","type":"image\/jpeg"}],"twitter_card":"summary_large_image","schema":{"@context":"https:\/\/schema.org","@graph":[{"@type":"WebPage","@id":"https:\/\/pe-line.hr\/product\/wc-skoljka-dynamic\/","url":"https:\/\/pe-line.hr\/product\/wc-skoljka-dynamic\/","name":"WC \u0161koljka Dynamic - Pe-Line","isPartOf":{"@id":"https:\/\/pe-line.hr\/#website"},"datePublished":"2022-04-11T13:41:34+00:00","dateModified":"2022-06-07T12:34:32+00:00","breadcrumb":{"@id":"https:\/\/pe-line.hr\/product\/wc-skoljka-dynamic\/#breadcrumb"},"inLanguage":"sl-SI","potentialAction":[{"@type":"ReadAction","target":["https:\/\/pe-line.hr\/product\/wc-skoljka-dynamic\/"]}]},{"@type":"BreadcrumbList","@id":"https:\/\/pe-line.hr\/product\/wc-skoljka-dynamic\/#breadcrumb","itemListElement":[{"@type":"ListItem","position":1,"name":"Home","item":"https:\/\/pe-line.hr\/"},{"@type":"ListItem","position":2,"name":"Kolekcija","item":"https:\/\/pe-line.hr\/kolekcija\/"},{"@type":"ListItem","position":3,"name":"WC \u0161koljka Dynamic"}]},{"@type":"WebSite","@id":"https:\/\/pe-line.hr\/#website","url":"https:\/\/pe-line.hr\/","name":"Pe-Line","description":"Grijanje, hla\u0111enje i sanitarije","potentialAction":[{"@type":"SearchAction","target":{"@type":"EntryPoint","urlTemplate":"https:\/\/pe-line.hr\/?s={search_term_string}"},"query-input":"required name=search_term_string"}],"inLanguage":"sl-SI"}]}},"_links":{"self":[{"href":"https:\/\/pe-line.hr\/si\/wp-json\/wp\/v2\/product\/8651","targetHints":{"allow":["GET"]}}],"collection":[{"href":"https:\/\/pe-line.hr\/si\/wp-json\/wp\/v2\/product"}],"about":[{"href":"https:\/\/pe-line.hr\/si\/wp-json\/wp\/v2\/types\/product"}],"version-history":[{"count":0,"href":"https:\/\/pe-line.hr\/si\/wp-json\/wp\/v2\/product\/8651\/revisions"}],"wp:featuredmedia":[{"embeddable":true,"href":"https:\/\/pe-line.hr\/si\/wp-json\/wp\/v2\/media\/8652"}],"wp:attachment":[{"href":"https:\/\/pe-line.hr\/si\/wp-json\/wp\/v2\/media?parent=8651"}],"wp:term":[{"taxonomy":"product_brand","embeddable":true,"href":"https:\/\/pe-line.hr\/si\/wp-json\/wp\/v2\/product_brand?post=8651"},{"taxonomy":"product_cat","embeddable":true,"href":"https:\/\/pe-line.hr\/si\/wp-json\/wp\/v2\/product_cat?post=8651"},{"taxonomy":"product_tag","embeddable":true,"href":"https:\/\/pe-line.hr\/si\/wp-json\/wp\/v2\/product_tag?post=8651"}],"curies":[{"name":"wp","href":"https:\/\/api.w.org\/{rel}","templated":true}]}}