{"id":11103,"date":"2022-06-03T13:05:46","date_gmt":"2022-06-03T13:05:46","guid":{"rendered":"https:\/\/pe-line.hr\/?post_type=product&#038;p=11103"},"modified":"2022-06-13T11:08:33","modified_gmt":"2022-06-13T11:08:33","slug":"pe-line-raster-ploca-nd30","status":"publish","type":"product","link":"https:\/\/pe-line.hr\/si\/product\/pe-line-raster-ploca-nd30\/","title":{"rendered":"Raster plo\u0161\u010da ND30-2 H=51mm s PS za\u0161titom plo\u010da=1,12 m2 PAK. 6,72 m2"},"content":{"rendered":"","protected":false},"excerpt":{"rendered":"<p>Raster plo\u010da ND30-2 H=51mm<br \/>\nS PS za\u0161titom<\/p>","protected":false},"featured_media":11104,"template":"","meta":[],"product_brand":[],"product_cat":[74,81],"product_tag":[],"class_list":{"0":"post-11103","1":"product","2":"type-product","3":"status-publish","4":"has-post-thumbnail","6":"product_cat-grijanje-hladenje","7":"product_cat-podno-grijanje","9":"first","10":"instock","11":"shipping-taxable","12":"product-type-simple"},"yoast_head":"<!-- This site is optimized with the Yoast SEO plugin v21.2 - https:\/\/yoast.com\/wordpress\/plugins\/seo\/ -->\n<title>Raster plo\u010da ND30-2 H=51mm s PS za\u0161titom plo\u010da=1,12 m2 PAK. 6,72 m2 - kvalitetne raster plo\u010de za podno grijanje<\/title>\n<meta name=\"description\" content=\"Pe-Line kvalitetna i izdr\u017eljiva raster plo\u010da za podno grijanje. Razmi\u0161ljajte unaprijed i u\u0161tedite dugoro\u010dno s podnim grijanjem Pe-Line.\" \/>\n<meta name=\"robots\" content=\"index, follow, max-snippet:-1, max-image-preview:large, max-video-preview:-1\" \/>\n<link rel=\"canonical\" href=\"https:\/\/pe-line.hr\/si\/product\/pe-line-raster-ploca-nd30\/\" \/>\n<meta property=\"og:locale\" content=\"sl_SI\" \/>\n<meta property=\"og:type\" content=\"article\" \/>\n<meta property=\"og:title\" content=\"Raster plo\u010da ND30-2 H=51mm s PS za\u0161titom plo\u010da=1,12 m2 PAK. 6,72 m2 - kvalitetne raster plo\u010de za podno grijanje\" \/>\n<meta property=\"og:description\" content=\"Pe-Line kvalitetna i izdr\u017eljiva raster plo\u010da za podno grijanje. Razmi\u0161ljajte unaprijed i u\u0161tedite dugoro\u010dno s podnim grijanjem Pe-Line.\" \/>\n<meta property=\"og:url\" content=\"https:\/\/pe-line.hr\/si\/product\/pe-line-raster-ploca-nd30\/\" \/>\n<meta property=\"og:site_name\" content=\"Pe-Line\" \/>\n<meta property=\"article:modified_time\" content=\"2022-06-13T11:08:33+00:00\" \/>\n<meta property=\"og:image\" content=\"https:\/\/pe-line.hr\/wp-content\/uploads\/2022\/06\/raster-ploca.jpg\" \/>\n\t<meta property=\"og:image:width\" content=\"1000\" \/>\n\t<meta property=\"og:image:height\" content=\"1000\" \/>\n\t<meta property=\"og:image:type\" content=\"image\/jpeg\" \/>\n<meta name=\"twitter:card\" content=\"summary_large_image\" \/>\n<script type=\"application\/ld+json\" class=\"yoast-schema-graph\">{\"@context\":\"https:\/\/schema.org\",\"@graph\":[{\"@type\":\"WebPage\",\"@id\":\"https:\/\/pe-line.hr\/product\/pe-line-raster-ploca-nd30\/\",\"url\":\"https:\/\/pe-line.hr\/product\/pe-line-raster-ploca-nd30\/\",\"name\":\"Raster plo\u010da ND30-2 H=51mm s PS za\u0161titom plo\u010da=1,12 m2 PAK. 6,72 m2 - kvalitetne raster plo\u010de za podno grijanje\",\"isPartOf\":{\"@id\":\"https:\/\/pe-line.hr\/#website\"},\"datePublished\":\"2022-06-03T13:05:46+00:00\",\"dateModified\":\"2022-06-13T11:08:33+00:00\",\"description\":\"Pe-Line kvalitetna i izdr\u017eljiva raster plo\u010da za podno grijanje. Razmi\u0161ljajte unaprijed i u\u0161tedite dugoro\u010dno s podnim grijanjem Pe-Line.\",\"breadcrumb\":{\"@id\":\"https:\/\/pe-line.hr\/product\/pe-line-raster-ploca-nd30\/#breadcrumb\"},\"inLanguage\":\"sl-SI\",\"potentialAction\":[{\"@type\":\"ReadAction\",\"target\":[\"https:\/\/pe-line.hr\/product\/pe-line-raster-ploca-nd30\/\"]}]},{\"@type\":\"BreadcrumbList\",\"@id\":\"https:\/\/pe-line.hr\/product\/pe-line-raster-ploca-nd30\/#breadcrumb\",\"itemListElement\":[{\"@type\":\"ListItem\",\"position\":1,\"name\":\"Home\",\"item\":\"https:\/\/pe-line.hr\/\"},{\"@type\":\"ListItem\",\"position\":2,\"name\":\"Kolekcija\",\"item\":\"https:\/\/pe-line.hr\/kolekcija\/\"},{\"@type\":\"ListItem\",\"position\":3,\"name\":\"Raster plo\u010da ND30-2 H=51mm s PS za\u0161titom plo\u010da=1,12 m2 PAK. 6,72 m2\"}]},{\"@type\":\"WebSite\",\"@id\":\"https:\/\/pe-line.hr\/#website\",\"url\":\"https:\/\/pe-line.hr\/\",\"name\":\"Pe-Line\",\"description\":\"Grijanje, hla\u0111enje i sanitarije\",\"potentialAction\":[{\"@type\":\"SearchAction\",\"target\":{\"@type\":\"EntryPoint\",\"urlTemplate\":\"https:\/\/pe-line.hr\/?s={search_term_string}\"},\"query-input\":\"required name=search_term_string\"}],\"inLanguage\":\"sl-SI\"}]}<\/script>\n<!-- \/ Yoast SEO plugin. -->","yoast_head_json":{"title":"Raster plo\u010da ND30-2 H=51mm s PS za\u0161titom plo\u010da=1,12 m2 PAK. 6,72 m2 - kvalitetne raster plo\u010de za podno grijanje","description":"Pe-Line kvalitetna i izdr\u017eljiva raster plo\u010da za podno grijanje. Razmi\u0161ljajte unaprijed i u\u0161tedite dugoro\u010dno s podnim grijanjem Pe-Line.","robots":{"index":"index","follow":"follow","max-snippet":"max-snippet:-1","max-image-preview":"max-image-preview:large","max-video-preview":"max-video-preview:-1"},"canonical":"https:\/\/pe-line.hr\/si\/product\/pe-line-raster-ploca-nd30\/","og_locale":"sl_SI","og_type":"article","og_title":"Raster plo\u010da ND30-2 H=51mm s PS za\u0161titom plo\u010da=1,12 m2 PAK. 6,72 m2 - kvalitetne raster plo\u010de za podno grijanje","og_description":"Pe-Line kvalitetna i izdr\u017eljiva raster plo\u010da za podno grijanje. Razmi\u0161ljajte unaprijed i u\u0161tedite dugoro\u010dno s podnim grijanjem Pe-Line.","og_url":"https:\/\/pe-line.hr\/si\/product\/pe-line-raster-ploca-nd30\/","og_site_name":"Pe-Line","article_modified_time":"2022-06-13T11:08:33+00:00","og_image":[{"width":1000,"height":1000,"url":"https:\/\/pe-line.hr\/wp-content\/uploads\/2022\/06\/raster-ploca.jpg","type":"image\/jpeg"}],"twitter_card":"summary_large_image","schema":{"@context":"https:\/\/schema.org","@graph":[{"@type":"WebPage","@id":"https:\/\/pe-line.hr\/product\/pe-line-raster-ploca-nd30\/","url":"https:\/\/pe-line.hr\/product\/pe-line-raster-ploca-nd30\/","name":"Raster plo\u010da ND30-2 H=51mm s PS za\u0161titom plo\u010da=1,12 m2 PAK. 6,72 m2 - kvalitetne raster plo\u010de za podno grijanje","isPartOf":{"@id":"https:\/\/pe-line.hr\/#website"},"datePublished":"2022-06-03T13:05:46+00:00","dateModified":"2022-06-13T11:08:33+00:00","description":"Pe-Line kvalitetna i izdr\u017eljiva raster plo\u010da za podno grijanje. Razmi\u0161ljajte unaprijed i u\u0161tedite dugoro\u010dno s podnim grijanjem Pe-Line.","breadcrumb":{"@id":"https:\/\/pe-line.hr\/product\/pe-line-raster-ploca-nd30\/#breadcrumb"},"inLanguage":"sl-SI","potentialAction":[{"@type":"ReadAction","target":["https:\/\/pe-line.hr\/product\/pe-line-raster-ploca-nd30\/"]}]},{"@type":"BreadcrumbList","@id":"https:\/\/pe-line.hr\/product\/pe-line-raster-ploca-nd30\/#breadcrumb","itemListElement":[{"@type":"ListItem","position":1,"name":"Home","item":"https:\/\/pe-line.hr\/"},{"@type":"ListItem","position":2,"name":"Kolekcija","item":"https:\/\/pe-line.hr\/kolekcija\/"},{"@type":"ListItem","position":3,"name":"Raster plo\u010da ND30-2 H=51mm s PS za\u0161titom plo\u010da=1,12 m2 PAK. 6,72 m2"}]},{"@type":"WebSite","@id":"https:\/\/pe-line.hr\/#website","url":"https:\/\/pe-line.hr\/","name":"Pe-Line","description":"Grijanje, hla\u0111enje i sanitarije","potentialAction":[{"@type":"SearchAction","target":{"@type":"EntryPoint","urlTemplate":"https:\/\/pe-line.hr\/?s={search_term_string}"},"query-input":"required name=search_term_string"}],"inLanguage":"sl-SI"}]}},"_links":{"self":[{"href":"https:\/\/pe-line.hr\/si\/wp-json\/wp\/v2\/product\/11103","targetHints":{"allow":["GET"]}}],"collection":[{"href":"https:\/\/pe-line.hr\/si\/wp-json\/wp\/v2\/product"}],"about":[{"href":"https:\/\/pe-line.hr\/si\/wp-json\/wp\/v2\/types\/product"}],"version-history":[{"count":3,"href":"https:\/\/pe-line.hr\/si\/wp-json\/wp\/v2\/product\/11103\/revisions"}],"predecessor-version":[{"id":11426,"href":"https:\/\/pe-line.hr\/si\/wp-json\/wp\/v2\/product\/11103\/revisions\/11426"}],"wp:featuredmedia":[{"embeddable":true,"href":"https:\/\/pe-line.hr\/si\/wp-json\/wp\/v2\/media\/11104"}],"wp:attachment":[{"href":"https:\/\/pe-line.hr\/si\/wp-json\/wp\/v2\/media?parent=11103"}],"wp:term":[{"taxonomy":"product_brand","embeddable":true,"href":"https:\/\/pe-line.hr\/si\/wp-json\/wp\/v2\/product_brand?post=11103"},{"taxonomy":"product_cat","embeddable":true,"href":"https:\/\/pe-line.hr\/si\/wp-json\/wp\/v2\/product_cat?post=11103"},{"taxonomy":"product_tag","embeddable":true,"href":"https:\/\/pe-line.hr\/si\/wp-json\/wp\/v2\/product_tag?post=11103"}],"curies":[{"name":"wp","href":"https:\/\/api.w.org\/{rel}","templated":true}]}}